{"id":41,"date":"2021-03-29T21:59:00","date_gmt":"2021-03-29T19:59:00","guid":{"rendered":"http:\/\/alixdouce.fr\/?page_id=41"},"modified":"2021-04-27T18:47:28","modified_gmt":"2021-04-27T16:47:28","slug":"a-propos-de","status":"publish","type":"page","link":"https:\/\/alixdouce.fr\/index.php\/a-propos-de\/","title":{"rendered":"\u00c0 propos de moi&#8230;"},"content":{"rendered":"\n<p>Je vous conterai prochainement avec plus de d\u00e9tails ce qui m&#8217;a amen\u00e9e \u00e0 \u00eatre ici aujourd&#8217;hui.<\/p>\n\n\n\n<p><\/p>\n\n\n\n<p>Pour mieux vous accompagner,  j&#8217;ai choisi une formation certifiante \u00e0 l&#8217;INA, \u00e9cole de <strong>coaching bas\u00e9e sur les neurosciences motivationnelles<\/strong>, pour compl\u00e9ter mes comp\u00e9tences de manager coach d\u00e9velopp\u00e9es durant ma carri\u00e8re en entreprise.<\/p>\n\n\n\n<p>Form\u00e9e \u00e0 l&#8217;hypnose th\u00e9rapeutique, je pratique depuis 2018 et utilise cet outil dans le cadre de mes accompagnements.<\/p>\n\n\n\n<p>Th\u00e9rapeute holistique, je prends en compte les diff\u00e9rentes dimensions de votre \u00eatre. Sensible aux \u00e9nergies, j&#8217;ai eu envie d&#8217;approfondir et suis certifi\u00e9e maitre praticienne en magn\u00e9tisme chinois depuis 2018. Je pratique \u00e9galement le Reiki. Cette sensibilit\u00e9 me permet de vous orienter quand n\u00e9cessaire vers d&#8217;autres professionnels. <\/p>\n","protected":false},"excerpt":{"rendered":"<p>Je vous conterai prochainement avec plus de d\u00e9tails ce qui m&#8217;a amen\u00e9e \u00e0 \u00eatre ici aujourd&#8217;hui. Pour mieux vous accompagner, j&#8217;ai choisi une formation certifiante \u00e0 l&#8217;INA, \u00e9cole de coaching bas\u00e9e sur les neurosciences motivationnelles, pour compl\u00e9ter mes comp\u00e9tences de manager coach d\u00e9velopp\u00e9es durant ma carri\u00e8re en entreprise. Form\u00e9e \u00e0 l&#8217;hypnose th\u00e9rapeutique, je pratique depuis &hellip; <\/p>\n<p class=\"link-more\"><a href=\"https:\/\/alixdouce.fr\/index.php\/a-propos-de\/\" class=\"more-link\">Continue reading<span class=\"screen-reader-text\"> &#8220;\u00c0 propos de moi&#8230;&#8221;<\/span><\/a><\/p>\n","protected":false},"author":1,"featured_media":0,"parent":0,"menu_order":0,"comment_status":"closed","ping_status":"closed","template":"","meta":{"spay_email":""},"_links":{"self":[{"href":"https:\/\/alixdouce.fr\/index.php\/wp-json\/wp\/v2\/pages\/41"}],"collection":[{"href":"https:\/\/alixdouce.fr\/index.php\/wp-json\/wp\/v2\/pages"}],"about":[{"href":"https:\/\/alixdouce.fr\/index.php\/wp-json\/wp\/v2\/types\/page"}],"author":[{"embeddable":true,"href":"https:\/\/alixdouce.fr\/index.php\/wp-json\/wp\/v2\/users\/1"}],"replies":[{"embeddable":true,"href":"https:\/\/alixdouce.fr\/index.php\/wp-json\/wp\/v2\/comments?post=41"}],"version-history":[{"count":5,"href":"https:\/\/alixdouce.fr\/index.php\/wp-json\/wp\/v2\/pages\/41\/revisions"}],"predecessor-version":[{"id":126,"href":"https:\/\/alixdouce.fr\/index.php\/wp-json\/wp\/v2\/pages\/41\/revisions\/126"}],"wp:attachment":[{"href":"https:\/\/alixdouce.fr\/index.php\/wp-json\/wp\/v2\/media?parent=41"}],"curies":[{"name":"wp","href":"https:\/\/api.w.org\/{rel}","templated":true}]}}