{"id":40,"date":"2021-03-15T21:59:02","date_gmt":"2021-03-15T20:59:02","guid":{"rendered":"http:\/\/alixdouce.fr\/?page_id=40"},"modified":"2021-05-31T05:06:40","modified_gmt":"2021-05-31T03:06:40","slug":"bienvenue","status":"publish","type":"page","link":"https:\/\/alixdouce.fr\/","title":{"rendered":"Bienvenue"},"content":{"rendered":"\n<p>Bonjour et bienvenue. Je vous souhaite une belle visite sur ce site qui est encore en construction.<\/p>\n\n\n\n<p>Allons \u00e0 l&#8217;essentiel pour la prise de rendez-vous en ligne, c&#8217;est ici:<\/p>\n\n\n\n<p><a href=\"https:\/\/calendly.com\/alixdouce\">https:\/\/calendly.com\/alixdouce<\/a><\/p>\n\n\n\n<p><br \/>ou appelez moi au 07.66.12.70.67 pour un premier contact. Pas de plateforme, c&#8217;est moi qui d\u00e9croche!<br \/><br \/>A tr\u00e8s bient\u00f4t. Alix<\/p>\n\n\n\n<figure class=\"wp-block-image size-large\"><img loading=\"lazy\" width=\"525\" height=\"295\" src=\"https:\/\/i0.wp.com\/alixdouce.fr\/wp-content\/uploads\/2021\/05\/20210531_045552_0000-1.png?resize=525%2C295&#038;ssl=1\" alt=\"\" class=\"wp-image-166\" srcset=\"https:\/\/i0.wp.com\/alixdouce.fr\/wp-content\/uploads\/2021\/05\/20210531_045552_0000-1.png?w=1920&amp;ssl=1 1920w, https:\/\/i0.wp.com\/alixdouce.fr\/wp-content\/uploads\/2021\/05\/20210531_045552_0000-1.png?resize=300%2C169&amp;ssl=1 300w, https:\/\/i0.wp.com\/alixdouce.fr\/wp-content\/uploads\/2021\/05\/20210531_045552_0000-1.png?resize=1024%2C576&amp;ssl=1 1024w, https:\/\/i0.wp.com\/alixdouce.fr\/wp-content\/uploads\/2021\/05\/20210531_045552_0000-1.png?resize=768%2C432&amp;ssl=1 768w, https:\/\/i0.wp.com\/alixdouce.fr\/wp-content\/uploads\/2021\/05\/20210531_045552_0000-1.png?resize=1536%2C864&amp;ssl=1 1536w\" sizes=\"(max-width: 767px) 89vw, (max-width: 1000px) 54vw, (max-width: 1071px) 543px, 580px\" data-recalc-dims=\"1\" \/><\/figure>\n","protected":false},"excerpt":{"rendered":"<p>Bonjour et bienvenue. Je vous souhaite une belle visite sur ce site qui est encore en construction. Allons \u00e0 l&#8217;essentiel pour la prise de rendez-vous en ligne, c&#8217;est ici: https:\/\/calendly.com\/alixdouce ou appelez moi au 07.66.12.70.67 pour un premier contact. Pas de plateforme, c&#8217;est moi qui d\u00e9croche! A tr\u00e8s bient\u00f4t. Alix<\/p>\n","protected":false},"author":1,"featured_media":0,"parent":0,"menu_order":0,"comment_status":"closed","ping_status":"closed","template":"","meta":{"spay_email":""},"_links":{"self":[{"href":"https:\/\/alixdouce.fr\/index.php\/wp-json\/wp\/v2\/pages\/40"}],"collection":[{"href":"https:\/\/alixdouce.fr\/index.php\/wp-json\/wp\/v2\/pages"}],"about":[{"href":"https:\/\/alixdouce.fr\/index.php\/wp-json\/wp\/v2\/types\/page"}],"author":[{"embeddable":true,"href":"https:\/\/alixdouce.fr\/index.php\/wp-json\/wp\/v2\/users\/1"}],"replies":[{"embeddable":true,"href":"https:\/\/alixdouce.fr\/index.php\/wp-json\/wp\/v2\/comments?post=40"}],"version-history":[{"count":16,"href":"https:\/\/alixdouce.fr\/index.php\/wp-json\/wp\/v2\/pages\/40\/revisions"}],"predecessor-version":[{"id":167,"href":"https:\/\/alixdouce.fr\/index.php\/wp-json\/wp\/v2\/pages\/40\/revisions\/167"}],"wp:attachment":[{"href":"https:\/\/alixdouce.fr\/index.php\/wp-json\/wp\/v2\/media?parent=40"}],"curies":[{"name":"wp","href":"https:\/\/api.w.org\/{rel}","templated":true}]}}